{"id":34,"date":"2019-12-16T14:18:40","date_gmt":"2019-12-16T14:18:40","guid":{"rendered":"https:\/\/www.boutiqueabc.com\/ginake\/?page_id=34"},"modified":"2024-01-25T14:49:09","modified_gmt":"2024-01-25T14:49:09","slug":"home","status":"publish","type":"page","link":"https:\/\/allanfoundations.com\/fr\/","title":{"rendered":"Home"},"content":{"rendered":"<div class=\"wpb-content-wrapper\"><p>[vc_row][vc_column]\n\t\t\t<!-- START Slider 1 REVOLUTION SLIDER 6.5.12 --><p class=\"rs-p-wp-fix\"><\/p>\n\t\t\t<rs-module-wrap id=\"rev_slider_2_1_wrapper\" data-source=\"gallery\" style=\"visibility:hidden;background:transparent;padding:0;margin:0px auto;margin-top:0;margin-bottom:0;\">\n\t\t\t\t<rs-module id=\"rev_slider_2_1\" style=\"\" data-version=\"6.5.12\">\n\t\t\t\t\t<rs-slides>\n\t\t\t\t\t\t<rs-slide style=\"position: absolute;\" data-key=\"rs-2\" data-title=\"Slide\" data-thumb=\"\/\/allanfoundations.com\/wp-content\/uploads\/2022\/03\/slide-1-min-1.jpg\" data-in=\"o:0;\" data-out=\"a:false;\">\n\t\t\t\t\t\t\t<img loading=\"lazy\" decoding=\"async\" src=\"\/\/allanfoundations.com\/fr\/wp-content\/plugins\/revslider\/public\/assets\/assets\/dummy.png\" alt=\"\" title=\"slide-1-min\" width=\"1100\" height=\"370\" class=\"rev-slidebg tp-rs-img rs-lazyload\" data-lazyload=\"\/\/allanfoundations.com\/wp-content\/uploads\/2022\/03\/slide-1-min-1.jpg\" data-bg=\"f:auto;\" data-no-retina>\n<!--\n\t\t\t\t\t\t\t--><rs-layer\n\t\t\t\t\t\t\t\tid=\"slider-2-slide-2-layer-0\" \n\t\t\t\t\t\t\t\tdata-type=\"text\"\n\t\t\t\t\t\t\t\tdata-rsp_ch=\"on\"\n\t\t\t\t\t\t\t\tdata-xy=\"x:c;yo:74px,61px,45px,47px;\"\n\t\t\t\t\t\t\t\tdata-text=\"w:normal;s:42,34,25,24;l:25,20,15,30;fw:700;a:center;\"\n\t\t\t\t\t\t\t\tdata-dim=\"w:auto,auto,auto,100%;\"\n\t\t\t\t\t\t\t\tdata-frame_999=\"o:0;st:w;\"\n\t\t\t\t\t\t\t\tstyle=\"z-index:10;font-family:'Roboto';\"\n\t\t\t\t\t\t\t>ESTIMATION GRATUITE  \n\t\t\t\t\t\t\t<\/rs-layer><!--\n\n\t\t\t\t\t\t\t--><rs-layer\n\t\t\t\t\t\t\t\tid=\"slider-2-slide-2-layer-2\" \n\t\t\t\t\t\t\t\tdata-type=\"text\"\n\t\t\t\t\t\t\t\tdata-rsp_ch=\"on\"\n\t\t\t\t\t\t\t\tdata-xy=\"x:c;yo:23px,18px,13px,15px;\"\n\t\t\t\t\t\t\t\tdata-text=\"w:normal;s:42,34,25,24;l:25,20,15,30;fw:700;a:center;\"\n\t\t\t\t\t\t\t\tdata-frame_999=\"o:0;st:w;\"\n\t\t\t\t\t\t\t\tstyle=\"z-index:9;font-family:'Roboto';\"\n\t\t\t\t\t\t\t>DRAINS FRAN\u00c7AIS \n\t\t\t\t\t\t\t<\/rs-layer><!--\n\n\t\t\t\t\t\t\t--><rs-layer\n\t\t\t\t\t\t\t\tid=\"slider-2-slide-2-layer-4\" \n\t\t\t\t\t\t\t\tdata-type=\"shape\"\n\t\t\t\t\t\t\t\tdata-rsp_ch=\"on\"\n\t\t\t\t\t\t\t\tdata-xy=\"x:c;\"\n\t\t\t\t\t\t\t\tdata-text=\"w:normal;s:20,16,12,7;l:0,20,15,9;\"\n\t\t\t\t\t\t\t\tdata-dim=\"w:1240px,1024px,768px,480px;h:130px,107px,80px,100px;\"\n\t\t\t\t\t\t\t\tdata-frame_999=\"o:0;st:w;\"\n\t\t\t\t\t\t\t\tstyle=\"z-index:8;background-color:rgba(0,0,0,0.5);\"\n\t\t\t\t\t\t\t> \n\t\t\t\t\t\t\t<\/rs-layer><!--\n-->\t\t\t\t\t\t<\/rs-slide>\n\t\t\t\t\t\t<rs-slide style=\"position: absolute;\" data-key=\"rs-4\" data-title=\"Slide\" data-thumb=\"\/\/allanfoundations.com\/wp-content\/uploads\/2022\/03\/slide-3-min.jpg\" data-in=\"o:0;\" data-out=\"a:false;\">\n\t\t\t\t\t\t\t<img loading=\"lazy\" decoding=\"async\" src=\"\/\/allanfoundations.com\/fr\/wp-content\/plugins\/revslider\/public\/assets\/assets\/dummy.png\" alt=\"\" title=\"slide-3-min\" width=\"1100\" height=\"370\" class=\"rev-slidebg tp-rs-img rs-lazyload\" data-lazyload=\"\/\/allanfoundations.com\/wp-content\/uploads\/2022\/03\/slide-3-min.jpg\" data-bg=\"f:auto;\" data-no-retina>\n<!--\n\t\t\t\t\t\t\t--><rs-layer\n\t\t\t\t\t\t\t\tid=\"slider-2-slide-4-layer-0\" \n\t\t\t\t\t\t\t\tdata-type=\"text\"\n\t\t\t\t\t\t\t\tdata-rsp_ch=\"on\"\n\t\t\t\t\t\t\t\tdata-xy=\"x:c;yo:70px,57px,42px,77px;\"\n\t\t\t\t\t\t\t\tdata-text=\"w:normal;s:42,34,25,24;l:25,20,15,30;fw:700;a:center;\"\n\t\t\t\t\t\t\t\tdata-dim=\"w:auto,auto,auto,100%;\"\n\t\t\t\t\t\t\t\tdata-frame_999=\"o:0;st:w;\"\n\t\t\t\t\t\t\t\tstyle=\"z-index:10;font-family:'Roboto';\"\n\t\t\t\t\t\t\t>ESTIMATION GRATUITE \n\t\t\t\t\t\t\t<\/rs-layer><!--\n\n\t\t\t\t\t\t\t--><rs-layer\n\t\t\t\t\t\t\t\tid=\"slider-2-slide-4-layer-2\" \n\t\t\t\t\t\t\t\tdata-type=\"text\"\n\t\t\t\t\t\t\t\tdata-rsp_ch=\"on\"\n\t\t\t\t\t\t\t\tdata-xy=\"x:c;yo:24px,19px,14px,12px;\"\n\t\t\t\t\t\t\t\tdata-text=\"w:normal;s:42,34,25,24;l:25,20,15,30;fw:700;a:center;\"\n\t\t\t\t\t\t\t\tdata-dim=\"w:auto,auto,auto,100%;\"\n\t\t\t\t\t\t\t\tdata-frame_999=\"o:0;st:w;\"\n\t\t\t\t\t\t\t\tstyle=\"z-index:9;font-family:'Roboto';\"\n\t\t\t\t\t\t\t>R\u00c9PARATIONS DE FISSURE INT\u00c9RIEURE ET EXT\u00c9RIEURE \n\t\t\t\t\t\t\t<\/rs-layer><!--\n\n\t\t\t\t\t\t\t--><rs-layer\n\t\t\t\t\t\t\t\tid=\"slider-2-slide-4-layer-4\" \n\t\t\t\t\t\t\t\tdata-type=\"shape\"\n\t\t\t\t\t\t\t\tdata-rsp_ch=\"on\"\n\t\t\t\t\t\t\t\tdata-xy=\"x:c;\"\n\t\t\t\t\t\t\t\tdata-text=\"w:normal;s:20,16,12,7;l:0,20,15,9;\"\n\t\t\t\t\t\t\t\tdata-dim=\"w:1240px,1024px,768px,480px;h:130px,107px,80px,120px;\"\n\t\t\t\t\t\t\t\tdata-frame_999=\"o:0;st:w;\"\n\t\t\t\t\t\t\t\tstyle=\"z-index:8;background-color:rgba(0,0,0,0.5);\"\n\t\t\t\t\t\t\t> \n\t\t\t\t\t\t\t<\/rs-layer><!--\n-->\t\t\t\t\t\t<\/rs-slide>\n\t\t\t\t\t<\/rs-slides>\n\t\t\t\t<\/rs-module>\n\t\t\t\t<script>\n\t\t\t\t\tsetREVStartSize({c: 'rev_slider_2_1',rl:[1240,1024,778,480],el:[375,375,375,375],gw:[1240,1024,768,480],gh:[375,375,375,375],type:'standard',justify:'',layout:'fullwidth',mh:\"0\"});if (window.RS_MODULES!==undefined && window.RS_MODULES.modules!==undefined && window.RS_MODULES.modules[\"revslider21\"]!==undefined) {window.RS_MODULES.modules[\"revslider21\"].once = false;window.revapi2 = undefined;if (window.RS_MODULES.checkMinimal!==undefined) window.RS_MODULES.checkMinimal()}\n\t\t\t\t<\/script>\n\t\t\t<\/rs-module-wrap>\n\t\t\t<!-- END REVOLUTION SLIDER -->\n[\/vc_column][\/vc_row][vc_row css=&#8221;.vc_custom_1647872629167{margin-top: 50px !important;}&#8221;][vc_column][vc_custom_heading text=&#8221;Allan R\u00e9parations de Fondation&#8221; font_container=&#8221;tag:h2|text_align:center|color:%23000000&#8243; use_theme_fonts=&#8221;yes&#8221;][vc_custom_heading text=&#8221;Plus de 30 ans d&#8217;exp\u00e9rience&#8221; font_container=&#8221;tag:h3|text_align:center&#8221; use_theme_fonts=&#8221;yes&#8221;][vc_single_image image=&#8221;4605&#8243; img_size=&#8221;full&#8221; alignment=&#8221;center&#8221;][vc_column_text css=&#8221;.vc_custom_1706191788539{padding-right: 30px !important;padding-left: 30px !important;}&#8221;]<\/p>\n<p style=\"text-align: center;\">Allan R\u00e9parations de Fondation vous offre des services de r\u00e9parations de fondations. Notre \u00e9quipe a plus de 30 ans d\u2019exp\u00e9rience dans la r\u00e9paration de fissures, installation de drain Fran\u00e7ais et remplacement de plancher de garage dans l\u2019ouest de l\u2019\u00eele de Montr\u00e9al et environs. Lorsque vous nous contactez, nous visiterons votre maison pour \u00e9valuer votre probl\u00e8me de fondation et d\u00e9terminer l\u2019\u00e9tendue du probl\u00e8me. Ensuite, nous vous proposerons une solution et un devis sans engagement pour les travaux qui seront n\u00e9cessaires. Selon vos besoins particuliers et votre budget, cela pourrait inclure des injections de polyur\u00e9thane pour les fissures, des drains Fran\u00e7ais int\u00e9rieurs ou ext\u00e9rieurs, des membranes d\u2019\u00e9tanch\u00e9it\u00e9 de sous-sol, installation de fosse de pompe de puisard, installation de margelles et remplacement de plancher de garage.<\/p>\n<p>[\/vc_column_text][vc_empty_space][\/vc_column][\/vc_row][vc_row el_id=&#8221;reparation-de-fissures&#8221;][vc_column width=&#8221;1\/2&#8243;][vc_custom_heading text=&#8221;\u00c9tanch\u00e9it\u00e9 du sous-sol&#8221; font_container=&#8221;tag:h3|text_align:center|color:%23000000&#8243; use_theme_fonts=&#8221;yes&#8221;][vc_single_image image=&#8221;4544&#8243; img_size=&#8221;full&#8221; alignment=&#8221;center&#8221;][vc_column_text]<\/p>\n<p style=\"text-align: center;\">Drains fran\u00e7ais ext\u00e9rieurs\/int\u00e9rieurs<br \/>\nInjection de fissure de fondation<br \/>\nMembranes de fondation<br \/>\nInstallation de fosse de pompe de puisard<br \/>\nInstallation de margelles<\/p>\n<p>[\/vc_column_text][\/vc_column][vc_column width=&#8221;1\/2&#8243;][vc_custom_heading text=&#8221;R\u00e9paration de fissures de fondation&#8221; font_container=&#8221;tag:h3|text_align:center|color:%23000000&#8243; use_theme_fonts=&#8221;yes&#8221;][vc_single_image image=&#8221;4545&#8243; img_size=&#8221;full&#8221; alignment=&#8221;center&#8221;][vc_column_text]<\/p>\n<p style=\"text-align: center;\">Entretoises en acier pour grandes fissures<br \/>\nInjection de polyur\u00e9thane<br \/>\n\u00c9mulsion d&#8217;asphalte imperm\u00e9abilisante<br \/>\nPolybitume \u00e0 base d\u2019asphalte caoutchout\u00e9<br \/>\nMembrane Delta MS<\/p>\n<p>[\/vc_column_text][\/vc_column][\/vc_row][vc_row el_id=&#8221;drains-francais&#8221;][vc_column width=&#8221;1\/2&#8243;][vc_custom_heading text=&#8221;Drains fran\u00e7ais&#8221; font_container=&#8221;tag:h3|text_align:center|color:%23000000&#8243; use_theme_fonts=&#8221;yes&#8221;][vc_single_image image=&#8221;4548&#8243; img_size=&#8221;full&#8221; alignment=&#8221;center&#8221;][vc_column_text]<\/p>\n<p style=\"text-align: center;\">Drains fran\u00e7ais ext\u00e9rieurs<br \/>\nDrains fran\u00e7ais int\u00e9rieurs<br \/>\n\u00c9mulsion d&#8217;asphalte imperm\u00e9abilisante<br \/>\nMembrane Delta MS<\/p>\n<p>[\/vc_column_text][\/vc_column][vc_column width=&#8221;1\/2&#8243;][vc_custom_heading text=&#8221;Puisards&#8221; font_container=&#8221;tag:h3|text_align:center|color:%23000000&#8243; use_theme_fonts=&#8221;yes&#8221;][vc_single_image image=&#8221;4612&#8243; img_size=&#8221;full&#8221; alignment=&#8221;center&#8221;][vc_column_text]<\/p>\n<p style=\"text-align: center;\">Installation de fosse de pompe de puisard<\/p>\n<p>[\/vc_column_text][\/vc_column][\/vc_row][vc_row css=&#8221;.vc_custom_1647875953639{margin-top: 50px !important;}&#8221;][vc_column][vc_custom_heading text=&#8221;Garanties&#8221; font_container=&#8221;tag:h2|text_align:center|color:%23000000&#8243; use_theme_fonts=&#8221;yes&#8221;][vc_custom_heading text=&#8221;Garanties transf\u00e9rables&#8221; font_container=&#8221;tag:h3|text_align:center&#8221; use_theme_fonts=&#8221;yes&#8221;][vc_row_inner css=&#8221;.vc_custom_1647875998188{margin-top: 30px !important;}&#8221;][vc_column_inner width=&#8221;1\/4&#8243;][vc_single_image image=&#8221;4575&#8243; img_size=&#8221;full&#8221; alignment=&#8221;center&#8221;][vc_custom_heading text=&#8221;R\u00e9paration de fissures ext\u00e9rieures<br \/>\n10 ans&#8221; font_container=&#8221;tag:h3|font_size:20px|text_align:center&#8221; use_theme_fonts=&#8221;yes&#8221;][\/vc_column_inner][vc_column_inner width=&#8221;1\/4&#8243;][vc_single_image image=&#8221;4576&#8243; img_size=&#8221;full&#8221; alignment=&#8221;center&#8221;][vc_custom_heading text=&#8221;Injection de fissures int\u00e9rieures<br \/>\n5 ans&#8221; font_container=&#8221;tag:h3|font_size:20px|text_align:center&#8221; use_theme_fonts=&#8221;yes&#8221;][\/vc_column_inner][vc_column_inner width=&#8221;1\/4&#8243;][vc_single_image image=&#8221;4623&#8243; img_size=&#8221;full&#8221; alignment=&#8221;center&#8221;][vc_custom_heading text=&#8221;Drains fran\u00e7ais ext\u00e9rieurs<br \/>\n15 ans&#8221; font_container=&#8221;tag:h3|font_size:20px|text_align:center&#8221; use_theme_fonts=&#8221;yes&#8221;][\/vc_column_inner][vc_column_inner width=&#8221;1\/4&#8243;][vc_single_image image=&#8221;4623&#8243; img_size=&#8221;full&#8221; alignment=&#8221;center&#8221;][vc_custom_heading text=&#8221;Drains fran\u00e7ais int\u00e9rieurs<br \/>\n15 ans&#8221; font_container=&#8221;tag:h3|font_size:20px|text_align:center&#8221; use_theme_fonts=&#8221;yes&#8221;][\/vc_column_inner][\/vc_row_inner][\/vc_column][\/vc_row][vc_row css=&#8221;.vc_custom_1647876005230{margin-top: 80px !important;}&#8221;][vc_column][vc_custom_heading text=&#8221;Galerie de photos de drains Fran\u00e7ais ext\u00e9rieurs&#8221; font_container=&#8221;tag:h2|text_align:center|color:%23000000&#8243; use_theme_fonts=&#8221;yes&#8221;][vc_gallery type=&#8221;image_grid&#8221; images=&#8221;4468,4467,4476,4478,4477,4470,4481,4480,4474,4472,4484,4473&#8243; css=&#8221;.vc_custom_1706111520710{margin-top: 30px !important;}&#8221;][\/vc_column][\/vc_row][vc_row css=&#8221;.vc_custom_1647872637869{margin-top: 50px !important;}&#8221; el_id=&#8221;contact&#8221;][vc_column][vc_custom_heading text=&#8221;Contactez-nous&#8221; font_container=&#8221;tag:h2|text_align:center|color:%23333333&#8243; use_theme_fonts=&#8221;yes&#8221;][vc_row_inner content_placement=&#8221;middle&#8221; css=&#8221;.vc_custom_1647611991191{margin-top: 30px !important;}&#8221;][vc_column_inner el_class=&#8221;cf7-section&#8221; width=&#8221;1\/2&#8243;][vc_custom_heading text=&#8221;Allan R\u00e9parations de Fondation<br \/>\nRBQ# 8005-8985-51&#8243; font_container=&#8221;tag:h3|text_align:left|color:%23333333&#8243; use_theme_fonts=&#8221;yes&#8221;][vc_column_text]<\/p>\n<p style=\"margin-bottom: 0px;\">b: <a href=\"tel:5146316279\">514.631.6279<\/a><\/p>\n<p style=\"margin-bottom: 0px;\">m: <a href=\"tel:5149459691\">514.945.9691<\/a><\/p>\n<p style=\"margin-bottom: 15px;\">e: <a href=\"mailto:info@allanfoundations.com\" target=\"_blank\" rel=\"noopener\">info@allanfoundations.com<\/a><\/p>\n<p style=\"margin-bottom: 15px;\">1 Maple Circle<br \/>\nPointe-Claire, Qu\u00e9bec, H9R 2S2<\/p>\n<p>[\/vc_column_text][vc_separator][vc_raw_html]JTNDZGl2JTIwY2xhc3MlM0QlMjJtci1iaCUyMiUzRSUwQSUzQ3N0eWxlJTIwdHlwZSUzRCUyMnRleHQlMkZjc3MlMjIlM0UlMEEudGclMjB0ZCU3QmZvbnQtc2l6ZSUzQTE0cHglM0JvdmVyZmxvdyUzQWhpZGRlbiUzQnBhZGRpbmclM0ExMHB4JTIwNXB4JTNCd29yZC1icmVhayUzQW5vcm1hbCUzQiU3RCUwQS50ZyUyMHRoJTdCZm9udC1zaXplJTNBMTRweCUzQmZvbnQtd2VpZ2h0JTNBbm9ybWFsJTNCb3ZlcmZsb3clM0FoaWRkZW4lM0JwYWRkaW5nJTNBMTBweCUyMDVweCUzQndvcmQtYnJlYWslM0Fub3JtYWwlM0IlN0QlMEEudGclMjAudGctMHBreSU3QnRleHQtYWxpZ24lM0FsZWZ0JTNCdmVydGljYWwtYWxpZ24lM0F0b3AlN0QlMEEudGclMjAudGctMGxheCU3QnRleHQtYWxpZ24lM0FsZWZ0JTNCdmVydGljYWwtYWxpZ24lM0F0b3AlN0QlMEElM0MlMkZzdHlsZSUzRSUwQSUzQ3RhYmxlJTIwY2xhc3MlM0QlMjJ0ZyUyMiUzRSUwQSUzQ3RoZWFkJTNFJTBBJTIwJTIwJTNDdHIlM0UlMEElMjAlMjAlMjAlMjAlM0N0aCUyMGNsYXNzJTNEJTIydGctMHBreSUyMiUzRUx1bmRpJTNDJTJGdGglM0UlMEElMjAlMjAlMjAlMjAlM0N0aCUyMGNsYXNzJTNEJTIydGctMGxheCUyMiUzRS0lM0MlMkZ0aCUzRSUwQSUyMCUyMCUyMCUyMCUzQ3RoJTIwY2xhc3MlM0QlMjJ0Zy0wbGF4JTIyJTNFN2glMjAtJTIwMTloJTNDJTJGdGglM0UlMEElMjAlMjAlM0MlMkZ0ciUzRSUwQSUzQyUyRnRoZWFkJTNFJTBBJTNDdGJvZHklM0UlMEElMjAlMjAlM0N0ciUzRSUwQSUyMCUyMCUyMCUyMCUzQ3RkJTIwY2xhc3MlM0QlMjJ0Zy0wbGF4JTIyJTNFTWFyZGklM0MlMkZ0ZCUzRSUwQSUyMCUyMCUyMCUyMCUzQ3RkJTIwY2xhc3MlM0QlMjJ0Zy0wbGF4JTIyJTNFLSUzQyUyRnRkJTNFJTBBJTIwJTIwJTIwJTIwJTNDdGQlMjBjbGFzcyUzRCUyMnRnLTBsYXglMjIlM0U3aCUyMC0lMjAxOWglM0MlMkZ0ZCUzRSUwQSUyMCUyMCUzQyUyRnRyJTNFJTBBJTIwJTIwJTNDdHIlM0UlMEElMjAlMjAlMjAlMjAlM0N0ZCUyMGNsYXNzJTNEJTIydGctMGxheCUyMiUzRU1lcmNyZWRpJTNDJTJGdGQlM0UlMEElMjAlMjAlMjAlMjAlM0N0ZCUyMGNsYXNzJTNEJTIydGctMGxheCUyMiUzRS0lM0MlMkZ0ZCUzRSUwQSUyMCUyMCUyMCUyMCUzQ3RkJTIwY2xhc3MlM0QlMjJ0Zy0wbGF4JTIyJTNFN2glMjAtJTIwMTloJTNDJTJGdGQlM0UlMEElMjAlMjAlM0MlMkZ0ciUzRSUwQSUyMCUyMCUzQ3RyJTNFJTBBJTIwJTIwJTIwJTIwJTNDdGQlMjBjbGFzcyUzRCUyMnRnLTBsYXglMjIlM0VKZXVkaSUzQyUyRnRkJTNFJTBBJTIwJTIwJTIwJTIwJTNDdGQlMjBjbGFzcyUzRCUyMnRnLTBsYXglMjIlM0UtJTNDJTJGdGQlM0UlMEElMjAlMjAlMjAlMjAlM0N0ZCUyMGNsYXNzJTNEJTIydGctMGxheCUyMiUzRTdoJTIwLSUyMDE5aCUzQyUyRnRkJTNFJTBBJTIwJTIwJTNDJTJGdHIlM0UlMEElMjAlMjAlM0N0ciUzRSUwQSUyMCUyMCUyMCUyMCUzQ3RkJTIwY2xhc3MlM0QlMjJ0Zy0wbGF4JTIyJTNFVmVuZHJlZGklM0MlMkZ0ZCUzRSUwQSUyMCUyMCUyMCUyMCUzQ3RkJTIwY2xhc3MlM0QlMjJ0Zy0wbGF4JTIyJTNFLSUzQyUyRnRkJTNFJTBBJTIwJTIwJTIwJTIwJTNDdGQlMjBjbGFzcyUzRCUyMnRnLTBsYXglMjIlM0U3aCUyMC0lMjAxOWglM0MlMkZ0ZCUzRSUwQSUyMCUyMCUzQyUyRnRyJTNFJTBBJTIwJTIwJTNDdHIlM0UlMEElMjAlMjAlMjAlMjAlM0N0ZCUyMGNsYXNzJTNEJTIydGctMGxheCUyMiUzRVNhbWVkaSUzQyUyRnRkJTNFJTBBJTIwJTIwJTIwJTIwJTNDdGQlMjBjbGFzcyUzRCUyMnRnLTBsYXglMjIlM0UtJTNDJTJGdGQlM0UlMEElMjAlMjAlMjAlMjAlM0N0ZCUyMGNsYXNzJTNEJTIydGctMGxheCUyMiUzRTdoJTIwLSUyMDE5aCUzQyUyRnRkJTNFJTBBJTIwJTIwJTNDJTJGdHIlM0UlMEElMjAlMjAlM0N0ciUzRSUwQSUyMCUyMCUyMCUyMCUzQ3RkJTIwY2xhc3MlM0QlMjJ0Zy0wbGF4JTIyJTNFRGltYW5jaGUlM0MlMkZ0ZCUzRSUwQSUyMCUyMCUyMCUyMCUzQ3RkJTIwY2xhc3MlM0QlMjJ0Zy0wbGF4JTIyJTNFLSUzQyUyRnRkJTNFJTBBJTIwJTIwJTIwJTIwJTNDdGQlMjBjbGFzcyUzRCUyMnRnLTBsYXglMjIlM0U3aCUyMC0lMjAxOWglM0MlMkZ0ZCUzRSUwQSUyMCUyMCUzQyUyRnRyJTNFJTBBJTNDJTJGdGJvZHklM0UlMEElM0MlMkZ0YWJsZSUzRSUwQSUzQyUyRmRpdiUzRQ==[\/vc_raw_html][\/vc_column_inner][vc_column_inner el_class=&#8221;cf7-section&#8221; width=&#8221;1\/2&#8243;]\n<div class=\"wpcf7 no-js\" id=\"wpcf7-f4493-o1\" lang=\"en-US\" dir=\"ltr\" data-wpcf7-id=\"4493\">\n<div class=\"screen-reader-response\"><p role=\"status\" aria-live=\"polite\" aria-atomic=\"true\"><\/p> <ul><\/ul><\/div>\n<form action=\"\/fr\/wp-json\/wp\/v2\/pages\/34#wpcf7-f4493-o1\" method=\"post\" class=\"wpcf7-form init\" aria-label=\"Contact form\" novalidate=\"novalidate\" data-status=\"init\">\n<fieldset class=\"hidden-fields-container\"><input type=\"hidden\" name=\"_wpcf7\" value=\"4493\" \/><input type=\"hidden\" name=\"_wpcf7_version\" value=\"6.1.2\" \/><input type=\"hidden\" name=\"_wpcf7_locale\" value=\"en_US\" \/><input type=\"hidden\" name=\"_wpcf7_unit_tag\" value=\"wpcf7-f4493-o1\" \/><input type=\"hidden\" name=\"_wpcf7_container_post\" value=\"0\" \/><input type=\"hidden\" name=\"_wpcf7_posted_data_hash\" value=\"\" \/><input type=\"hidden\" name=\"_wpcf7_recaptcha_response\" value=\"\" \/>\n<\/fieldset>\n<div class=\"full-width-cf ins-contact-form\">\n\t<div class=\"ins-contact-form-field\">\n\t\t<p><span class=\"wpcf7-form-control-wrap\" data-name=\"your-name\"><input size=\"40\" maxlength=\"400\" class=\"wpcf7-form-control wpcf7-text wpcf7-validates-as-required\" aria-required=\"true\" aria-invalid=\"false\" placeholder=\"Votre nom*\" value=\"\" type=\"text\" name=\"your-name\" \/><\/span>\n\t\t<\/p>\n\t<\/div>\n\t<div class=\"ins-contact-form-field\">\n\t\t<p><span class=\"wpcf7-form-control-wrap\" data-name=\"your-email\"><input size=\"40\" maxlength=\"400\" class=\"wpcf7-form-control wpcf7-email wpcf7-validates-as-required wpcf7-text wpcf7-validates-as-email\" aria-required=\"true\" aria-invalid=\"false\" placeholder=\"Votre courriel*\" value=\"\" type=\"email\" name=\"your-email\" \/><\/span>\n\t\t<\/p>\n\t<\/div>\n\t<div class=\"ins-contact-form-field\">\n\t\t<p><span class=\"wpcf7-form-control-wrap\" data-name=\"your-phone\"><input size=\"40\" maxlength=\"400\" class=\"wpcf7-form-control wpcf7-tel wpcf7-validates-as-required wpcf7-text wpcf7-validates-as-tel\" aria-required=\"true\" aria-invalid=\"false\" placeholder=\"Votre t\u00e9l\u00e9phone*\" value=\"\" type=\"tel\" name=\"your-phone\" \/><\/span>\n\t\t<\/p>\n\t<\/div>\n\t<div class=\"ins-contact-form-field\">\n\t\t<p><span class=\"wpcf7-form-control-wrap\" data-name=\"your-message\"><textarea cols=\"40\" rows=\"4\" maxlength=\"2000\" class=\"wpcf7-form-control wpcf7-textarea\" aria-invalid=\"false\" placeholder=\"Votre message\" name=\"your-message\"><\/textarea><\/span>\n\t\t<\/p>\n\t<\/div>\n\t<div class=\"ins-contact-form-field\">\n\t\t<p><input class=\"wpcf7-form-control wpcf7-submit has-spinner\" type=\"submit\" value=\"Envoyer\" \/>\n\t\t<\/p>\n\t<\/div>\n<\/div><div class=\"wpcf7-response-output\" aria-hidden=\"true\"><\/div>\n<\/form>\n<\/div>\n[\/vc_column_inner][\/vc_row_inner][\/vc_column][\/vc_row][vc_row css=&#8221;.vc_custom_1647617009400{margin-top: 50px !important;}&#8221;][vc_column][vc_gmaps link=&#8221;#E-8_JTNDaWZyYW1lJTIwc3JjJTNEJTIyaHR0cHMlM0ElMkYlMkZ3d3cuZ29vZ2xlLmNvbSUyRm1hcHMlMkZlbWJlZCUzRnBiJTNEJTIxMW0xNCUyMTFtOCUyMTFtMyUyMTFkMTUwNDg5LjA2NTg0MDUyNDE4JTIxMmQtNzMuOTMxNTk2Mzk5NTMzOTIlMjEzZDQ1LjUwNDM0MDI5NjUwOTI1JTIxM20yJTIxMWkxMDI0JTIxMmk3NjglMjE0ZjEzLjElMjEzbTMlMjExbTIlMjExczB4MCUyNTNBMHgxMjU2OThhNDQ3NWM3ZDFmJTIxMnNBbGxhbiUyNTIwUiUyNUMzJTI1QTlwYXJhdGlvbnMlMjUyMGRlJTI1MjBGb25kYXRpb24lMjUyMC0lMjUyMEFsbGFuJTI1MjBGb3VuZGF0aW9uJTI1MjBSZXBhaXJzJTIxNWUwJTIxM20yJTIxMXNlbiUyMTJzcm8lMjE0djE2NDgxNDc0NzI1ODYlMjE1bTIlMjExc2VuJTIxMnNybyUyMiUyMHdpZHRoJTNEJTIyYXV0byUyMiUyMGhlaWdodCUzRCUyMjQ1MCUyMiUyMHN0eWxlJTNEJTIyYm9yZGVyJTNBMCUzQiUyMiUyMGFsbG93ZnVsbHNjcmVlbiUzRCUyMiUyMiUyMGxvYWRpbmclM0QlMjJsYXp5JTIyJTIwcmVmZXJyZXJwb2xpY3klM0QlMjJuby1yZWZlcnJlci13aGVuLWRvd25ncmFkZSUyMiUzRSUzQyUyRmlmcmFtZSUzRQ==&#8221;][\/vc_column][\/vc_row]<\/p>\n<\/div>","protected":false},"excerpt":{"rendered":"<p>[vc_row][vc_column][\/vc_column][\/vc_row][vc_row css=&#8221;.vc_custom_1647872629167{margin-top: 50px !important;}&#8221;][vc_column][vc_custom_heading text=&#8221;Allan R\u00e9parations de Fondation&#8221; font_container=&#8221;tag:h2|text_align:center|color:%23000000&#8243; use_theme_fonts=&#8221;yes&#8221;][vc_custom_heading text=&#8221;Plus de 30 ans d&#8217;exp\u00e9rience&#8221; font_container=&#8221;tag:h3|text_align:center&#8221; use_theme_fonts=&#8221;yes&#8221;][vc_single_image image=&#8221;4605&#8243; img_size=&#8221;full&#8221; alignment=&#8221;center&#8221;][vc_column_text css=&#8221;.vc_custom_1706191788539{padding-right: 30px !important;padding-left: 30px !important;}&#8221;] Allan R\u00e9parations de Fondation vous [&hellip;]<\/p>\n","protected":false},"author":1,"featured_media":0,"parent":0,"menu_order":0,"comment_status":"closed","ping_status":"closed","template":"template-fullwidth.php","meta":{"footnotes":""},"class_list":["post-34","page","type-page","status-publish","hentry"],"_links":{"self":[{"href":"https:\/\/allanfoundations.com\/fr\/wp-json\/wp\/v2\/pages\/34","targetHints":{"allow":["GET"]}}],"collection":[{"href":"https:\/\/allanfoundations.com\/fr\/wp-json\/wp\/v2\/pages"}],"about":[{"href":"https:\/\/allanfoundations.com\/fr\/wp-json\/wp\/v2\/types\/page"}],"author":[{"embeddable":true,"href":"https:\/\/allanfoundations.com\/fr\/wp-json\/wp\/v2\/users\/1"}],"replies":[{"embeddable":true,"href":"https:\/\/allanfoundations.com\/fr\/wp-json\/wp\/v2\/comments?post=34"}],"version-history":[{"count":72,"href":"https:\/\/allanfoundations.com\/fr\/wp-json\/wp\/v2\/pages\/34\/revisions"}],"predecessor-version":[{"id":4624,"href":"https:\/\/allanfoundations.com\/fr\/wp-json\/wp\/v2\/pages\/34\/revisions\/4624"}],"wp:attachment":[{"href":"https:\/\/allanfoundations.com\/fr\/wp-json\/wp\/v2\/media?parent=34"}],"curies":[{"name":"wp","href":"https:\/\/api.w.org\/{rel}","templated":true}]}}